{"id":1888,"date":"2024-10-15T14:57:28","date_gmt":"2024-10-15T14:57:28","guid":{"rendered":"https:\/\/solmarketingagency.com\/?page_id=1888"},"modified":"2025-09-28T20:11:45","modified_gmt":"2025-09-28T20:11:45","slug":"politica-privacidad","status":"publish","type":"page","link":"https:\/\/solmarketingagency.com\/en\/politica-privacidad\/","title":{"rendered":"Privacy Policy"},"content":{"rendered":"<style>.elementor-1888 .elementor-element.elementor-element-5fcf90d{--display:flex;--flex-direction:column;--container-widget-width:100%;--container-widget-height:initial;--container-widget-flex-grow:0;--container-widget-align-self:initial;--flex-wrap-mobile:wrap;--margin-top:0px;--margin-bottom:0px;--margin-left:0px;--margin-right:0px;--padding-top:100px;--padding-bottom:0px;--padding-left:0px;--padding-right:0px;}.elementor-1888 .elementor-element.elementor-element-a4fa1ef{text-align:center;}.elementor-1888 .elementor-element.elementor-element-a4fa1ef .elementor-heading-title{font-size:60px;}.elementor-1888 .elementor-element.elementor-element-7d7aeb8 > .elementor-widget-container{padding:0px 80px 0px 80px;}.elementor-1888 .elementor-element.elementor-element-7d7aeb8{text-align:center;}<\/style>\t\t<div data-elementor-type=\"wp-page\" data-elementor-id=\"1888\" class=\"elementor elementor-1888\" data-elementor-post-type=\"page\">\n\t\t\t\t<div class=\"elementor-element elementor-element-5fcf90d e-con-full e-flex e-con e-parent\" data-id=\"5fcf90d\" data-element_type=\"container\">\n\t\t\t\t<div class=\"elementor-element elementor-element-a4fa1ef elementor-widget elementor-widget-heading\" data-id=\"a4fa1ef\" data-element_type=\"widget\" data-widget_type=\"heading.default\">\n\t\t\t\t<div class=\"elementor-widget-container\">\n\t\t\t\t\t<h2 class=\"elementor-heading-title elementor-size-default\">Privacy Policy<\/h2>\t\t\t\t<\/div>\n\t\t\t\t<\/div>\n\t\t\t\t<div class=\"elementor-element elementor-element-7d7aeb8 elementor-widget elementor-widget-text-editor\" data-id=\"7d7aeb8\" data-element_type=\"widget\" data-widget_type=\"text-editor.default\">\n\t\t\t\t<div class=\"elementor-widget-container\">\n\t\t\t\t\t\t\t\t\t<p><strong>Introduction:<\/strong> SOL Marketing Agency is committed to protecting your privacy and complying with the General Data Protection Regulation (GDPR). This policy explains how we collect, use and protect your personal data when you interact with our website.<\/p><p><strong>Data Collected:<\/strong><\/p><ul><li><strong>Information provided by the user:<\/strong> name, e-mail address and telephone number collected through contact forms.<\/li><li><strong>Navigation data:<\/strong> cookies, IP address, and other data related to the use of the site.<\/li><\/ul><p><strong>Purposes of Data Processing:<\/strong><\/p><ul><li>Manage enquiries and requests for services.<\/li><li>Send commercial communications, promotions and news about our services.<\/li><li>Perform statistical analysis to improve our services and the user experience.<\/li><\/ul><p><strong>Transfer of Data to Third Parties:<\/strong> We do not share your data with third parties, except to comply with legal obligations or where it is necessary for the provision of contracted services.<\/p><p><strong>User Rights:<\/strong> You can exercise your rights of access, rectification, cancellation, opposition, portability and limitation of processing by sending an email to <a rel=\"noopener\">info@solmarketingagency.com<\/a>.<\/p><p><strong>Conservation period:<\/strong> Your data will be retained for as long as necessary for the above purposes or as required by law.<\/p>\t\t\t\t\t\t\t\t<\/div>\n\t\t\t\t<\/div>\n\t\t\t\t<\/div>\n\t\t\t\t<\/div>","protected":false},"excerpt":{"rendered":"<p>Pol\u00edtica de Privacidad Introducci\u00f3n: SOL Marketing Agency se compromete a proteger tu privacidad y cumplir con el Reglamento General de Protecci\u00f3n de Datos (RGPD). Esta pol\u00edtica explica c\u00f3mo recopilamos, usamos y protegemos tus datos personales cuando interact\u00faas con nuestro sitio web. Datos Recopilados: Informaci\u00f3n proporcionada por el usuario: nombre, direcci\u00f3n de correo electr\u00f3nico y tel\u00e9fono [&hellip;]<\/p>","protected":false},"author":1,"featured_media":0,"parent":0,"menu_order":0,"comment_status":"closed","ping_status":"closed","template":"","meta":{"footnotes":""},"class_list":["post-1888","page","type-page","status-publish","hentry"],"yoast_head":"<!-- This site is optimized with the Yoast SEO Premium plugin v24.8 (Yoast SEO v26.4) - https:\/\/yoast.com\/wordpress\/plugins\/seo\/ -->\n<title>Pol\u00edtica de Privacidad - SOL Marketing Agency | Agencia de Marketing en Marbella<\/title>\n<meta name=\"robots\" content=\"index, follow, max-snippet:-1, max-image-preview:large, max-video-preview:-1\" \/>\n<link rel=\"canonical\" href=\"https:\/\/solmarketingagency.com\/en\/politica-privacidad\/\" \/>\n<meta property=\"og:locale\" content=\"en_GB\" \/>\n<meta property=\"og:type\" content=\"article\" \/>\n<meta property=\"og:title\" content=\"Pol\u00edtica de Privacidad\" \/>\n<meta property=\"og:description\" content=\"Pol\u00edtica de Privacidad Introducci\u00f3n: SOL Marketing Agency se compromete a proteger tu privacidad y cumplir con el Reglamento General de Protecci\u00f3n de Datos (RGPD). Esta pol\u00edtica explica c\u00f3mo recopilamos, usamos y protegemos tus datos personales cuando interact\u00faas con nuestro sitio web. Datos Recopilados: Informaci\u00f3n proporcionada por el usuario: nombre, direcci\u00f3n de correo electr\u00f3nico y tel\u00e9fono [&hellip;]\" \/>\n<meta property=\"og:url\" content=\"https:\/\/solmarketingagency.com\/en\/politica-privacidad\/\" \/>\n<meta property=\"og:site_name\" content=\"SOL Marketing Agency | Agencia de Marketing en Marbella\" \/>\n<meta property=\"article:publisher\" content=\"https:\/\/www.facebook.com\/profile.php?id=61581453428685\" \/>\n<meta property=\"article:modified_time\" content=\"2025-09-28T20:11:45+00:00\" \/>\n<meta property=\"og:image\" content=\"https:\/\/solmarketingagency.com\/wp-content\/uploads\/2025\/05\/SOL-LOGO-1000-px-solo-texto-principa.png\" \/>\n\t<meta property=\"og:image:width\" content=\"1000\" \/>\n\t<meta property=\"og:image:height\" content=\"1000\" \/>\n\t<meta property=\"og:image:type\" content=\"image\/png\" \/>\n<meta name=\"twitter:card\" content=\"summary_large_image\" \/>\n<meta name=\"twitter:label1\" content=\"Estimated reading time\" \/>\n\t<meta name=\"twitter:data1\" content=\"1 minute\" \/>\n<script type=\"application\/ld+json\" class=\"yoast-schema-graph\">{\"@context\":\"https:\/\/schema.org\",\"@graph\":[{\"@type\":\"WebPage\",\"@id\":\"https:\/\/solmarketingagency.com\/politica-privacidad\/\",\"url\":\"https:\/\/solmarketingagency.com\/politica-privacidad\/\",\"name\":\"Pol\u00edtica de Privacidad - SOL Marketing Agency | Agencia de Marketing en Marbella\",\"isPartOf\":{\"@id\":\"https:\/\/solmarketingagency.com\/#website\"},\"datePublished\":\"2024-10-15T14:57:28+00:00\",\"dateModified\":\"2025-09-28T20:11:45+00:00\",\"breadcrumb\":{\"@id\":\"https:\/\/solmarketingagency.com\/politica-privacidad\/#breadcrumb\"},\"inLanguage\":\"en-GB\",\"potentialAction\":[{\"@type\":\"ReadAction\",\"target\":[\"https:\/\/solmarketingagency.com\/politica-privacidad\/\"]}]},{\"@type\":\"BreadcrumbList\",\"@id\":\"https:\/\/solmarketingagency.com\/politica-privacidad\/#breadcrumb\",\"itemListElement\":[{\"@type\":\"ListItem\",\"position\":1,\"name\":\"Portada\",\"item\":\"https:\/\/solmarketingagency.com\/\"},{\"@type\":\"ListItem\",\"position\":2,\"name\":\"Pol\u00edtica de Privacidad\"}]},{\"@type\":\"WebSite\",\"@id\":\"https:\/\/solmarketingagency.com\/#website\",\"url\":\"https:\/\/solmarketingagency.com\/\",\"name\":\"SOL Marketing Agency | Agencia de Marketing en Marbella\",\"description\":\"SOL Marketing Agency es una agencia de marketing en Marbella. Dise\u00f1o Web, SEO Local, Redes Sociales, Branding y Publicidad. Resultados reales, sin humo.\",\"publisher\":{\"@id\":\"https:\/\/solmarketingagency.com\/#organization\"},\"potentialAction\":[{\"@type\":\"SearchAction\",\"target\":{\"@type\":\"EntryPoint\",\"urlTemplate\":\"https:\/\/solmarketingagency.com\/?s={search_term_string}\"},\"query-input\":{\"@type\":\"PropertyValueSpecification\",\"valueRequired\":true,\"valueName\":\"search_term_string\"}}],\"inLanguage\":\"en-GB\"},{\"@type\":\"Organization\",\"@id\":\"https:\/\/solmarketingagency.com\/#organization\",\"name\":\"SOL Marketing Agency | Agencia de Marketing en Marbella\",\"alternateName\":\"SOL Marketing Agency\",\"url\":\"https:\/\/solmarketingagency.com\/\",\"logo\":{\"@type\":\"ImageObject\",\"inLanguage\":\"en-GB\",\"@id\":\"https:\/\/solmarketingagency.com\/#\/schema\/logo\/image\/\",\"url\":\"https:\/\/solmarketingagency.com\/wp-content\/uploads\/2025\/05\/cropped-SOL-LOGO-1000-px-solo-texto-principa.png\",\"contentUrl\":\"https:\/\/solmarketingagency.com\/wp-content\/uploads\/2025\/05\/cropped-SOL-LOGO-1000-px-solo-texto-principa.png\",\"width\":512,\"height\":512,\"caption\":\"SOL Marketing Agency | Agencia de Marketing en Marbella\"},\"image\":{\"@id\":\"https:\/\/solmarketingagency.com\/#\/schema\/logo\/image\/\"},\"sameAs\":[\"https:\/\/www.facebook.com\/profile.php?id=61581453428685\",\"https:\/\/www.instagram.com\/marketingagency.sol\/\"],\"description\":\"SOL Marketing Agency es una agencia de marketing en Marbella. Dise\u00f1o web, SEO Local, Redes Sociales, Branding y Publicidad. Resultados reales, sin humo.\",\"email\":\"info@solmarketingagency.com\",\"telephone\":\"679846169\",\"legalName\":\"SOL Marketing Agency\",\"foundingDate\":\"2023-06-13\",\"numberOfEmployees\":{\"@type\":\"QuantitativeValue\",\"minValue\":\"1\",\"maxValue\":\"10\"}}]}<\/script>\n<!-- \/ Yoast SEO Premium plugin. -->","yoast_head_json":{"title":"Pol\u00edtica de Privacidad - SOL Marketing Agency | Agencia de Marketing en Marbella","robots":{"index":"index","follow":"follow","max-snippet":"max-snippet:-1","max-image-preview":"max-image-preview:large","max-video-preview":"max-video-preview:-1"},"canonical":"https:\/\/solmarketingagency.com\/en\/politica-privacidad\/","og_locale":"en_GB","og_type":"article","og_title":"Pol\u00edtica de Privacidad","og_description":"Pol\u00edtica de Privacidad Introducci\u00f3n: SOL Marketing Agency se compromete a proteger tu privacidad y cumplir con el Reglamento General de Protecci\u00f3n de Datos (RGPD). Esta pol\u00edtica explica c\u00f3mo recopilamos, usamos y protegemos tus datos personales cuando interact\u00faas con nuestro sitio web. Datos Recopilados: Informaci\u00f3n proporcionada por el usuario: nombre, direcci\u00f3n de correo electr\u00f3nico y tel\u00e9fono [&hellip;]","og_url":"https:\/\/solmarketingagency.com\/en\/politica-privacidad\/","og_site_name":"SOL Marketing Agency | Agencia de Marketing en Marbella","article_publisher":"https:\/\/www.facebook.com\/profile.php?id=61581453428685","article_modified_time":"2025-09-28T20:11:45+00:00","og_image":[{"width":1000,"height":1000,"url":"https:\/\/solmarketingagency.com\/wp-content\/uploads\/2025\/05\/SOL-LOGO-1000-px-solo-texto-principa.png","type":"image\/png"}],"twitter_card":"summary_large_image","twitter_misc":{"Estimated reading time":"1 minute"},"schema":{"@context":"https:\/\/schema.org","@graph":[{"@type":"WebPage","@id":"https:\/\/solmarketingagency.com\/politica-privacidad\/","url":"https:\/\/solmarketingagency.com\/politica-privacidad\/","name":"Pol\u00edtica de Privacidad - SOL Marketing Agency | Agencia de Marketing en Marbella","isPartOf":{"@id":"https:\/\/solmarketingagency.com\/#website"},"datePublished":"2024-10-15T14:57:28+00:00","dateModified":"2025-09-28T20:11:45+00:00","breadcrumb":{"@id":"https:\/\/solmarketingagency.com\/politica-privacidad\/#breadcrumb"},"inLanguage":"en-GB","potentialAction":[{"@type":"ReadAction","target":["https:\/\/solmarketingagency.com\/politica-privacidad\/"]}]},{"@type":"BreadcrumbList","@id":"https:\/\/solmarketingagency.com\/politica-privacidad\/#breadcrumb","itemListElement":[{"@type":"ListItem","position":1,"name":"Portada","item":"https:\/\/solmarketingagency.com\/"},{"@type":"ListItem","position":2,"name":"Pol\u00edtica de Privacidad"}]},{"@type":"WebSite","@id":"https:\/\/solmarketingagency.com\/#website","url":"https:\/\/solmarketingagency.com\/","name":"SOL Marketing Agency | Marketing Agency in Marbella","description":"SOL Marketing Agency is a marketing agency in Marbella. Web Design, Local SEO, Social Media, Branding and Advertising. Real results, no smoke and mirrors.","publisher":{"@id":"https:\/\/solmarketingagency.com\/#organization"},"potentialAction":[{"@type":"SearchAction","target":{"@type":"EntryPoint","urlTemplate":"https:\/\/solmarketingagency.com\/?s={search_term_string}"},"query-input":{"@type":"PropertyValueSpecification","valueRequired":true,"valueName":"search_term_string"}}],"inLanguage":"en-GB"},{"@type":"Organization","@id":"https:\/\/solmarketingagency.com\/#organization","name":"SOL Marketing Agency | Marketing Agency in Marbella","alternateName":"SOL Marketing Agency","url":"https:\/\/solmarketingagency.com\/","logo":{"@type":"ImageObject","inLanguage":"en-GB","@id":"https:\/\/solmarketingagency.com\/#\/schema\/logo\/image\/","url":"https:\/\/solmarketingagency.com\/wp-content\/uploads\/2025\/05\/cropped-SOL-LOGO-1000-px-solo-texto-principa.png","contentUrl":"https:\/\/solmarketingagency.com\/wp-content\/uploads\/2025\/05\/cropped-SOL-LOGO-1000-px-solo-texto-principa.png","width":512,"height":512,"caption":"SOL Marketing Agency | Agencia de Marketing en Marbella"},"image":{"@id":"https:\/\/solmarketingagency.com\/#\/schema\/logo\/image\/"},"sameAs":["https:\/\/www.facebook.com\/profile.php?id=61581453428685","https:\/\/www.instagram.com\/marketingagency.sol\/"],"description":"SOL Marketing Agency es una agencia de marketing en Marbella. Dise\u00f1o web, SEO Local, Redes Sociales, Branding y Publicidad. Resultados reales, sin humo.","email":"info@solmarketingagency.com","telephone":"679846169","legalName":"SOL Marketing Agency","foundingDate":"2023-06-13","numberOfEmployees":{"@type":"QuantitativeValue","minValue":"1","maxValue":"10"}}]}},"_links":{"self":[{"href":"https:\/\/solmarketingagency.com\/en\/wp-json\/wp\/v2\/pages\/1888","targetHints":{"allow":["GET"]}}],"collection":[{"href":"https:\/\/solmarketingagency.com\/en\/wp-json\/wp\/v2\/pages"}],"about":[{"href":"https:\/\/solmarketingagency.com\/en\/wp-json\/wp\/v2\/types\/page"}],"author":[{"embeddable":true,"href":"https:\/\/solmarketingagency.com\/en\/wp-json\/wp\/v2\/users\/1"}],"replies":[{"embeddable":true,"href":"https:\/\/solmarketingagency.com\/en\/wp-json\/wp\/v2\/comments?post=1888"}],"version-history":[{"count":11,"href":"https:\/\/solmarketingagency.com\/en\/wp-json\/wp\/v2\/pages\/1888\/revisions"}],"predecessor-version":[{"id":7392,"href":"https:\/\/solmarketingagency.com\/en\/wp-json\/wp\/v2\/pages\/1888\/revisions\/7392"}],"wp:attachment":[{"href":"https:\/\/solmarketingagency.com\/en\/wp-json\/wp\/v2\/media?parent=1888"}],"curies":[{"name":"wp","href":"https:\/\/api.w.org\/{rel}","templated":true}]}}