{"id":1895,"date":"2024-10-15T15:01:45","date_gmt":"2024-10-15T15:01:45","guid":{"rendered":"https:\/\/solmarketingagency.com\/?page_id=1895"},"modified":"2025-09-28T20:12:15","modified_gmt":"2025-09-28T20:12:15","slug":"politica-cookies","status":"publish","type":"page","link":"https:\/\/solmarketingagency.com\/en\/politica-cookies\/","title":{"rendered":"Cookie Policy"},"content":{"rendered":"<style>.elementor-1895 .elementor-element.elementor-element-5fcf90d{--display:flex;--flex-direction:column;--container-widget-width:100%;--container-widget-height:initial;--container-widget-flex-grow:0;--container-widget-align-self:initial;--flex-wrap-mobile:wrap;--margin-top:0px;--margin-bottom:0px;--margin-left:0px;--margin-right:0px;--padding-top:100px;--padding-bottom:0px;--padding-left:0px;--padding-right:0px;}.elementor-1895 .elementor-element.elementor-element-a4fa1ef{text-align:center;}.elementor-1895 .elementor-element.elementor-element-a4fa1ef .elementor-heading-title{font-size:60px;}.elementor-1895 .elementor-element.elementor-element-7d7aeb8{text-align:center;}.elementor-1895 .elementor-element.elementor-element-7d7aeb8 > .elementor-widget-container{padding:0px 80px 0px 80px;}<\/style>\t\t<div data-elementor-type=\"wp-page\" data-elementor-id=\"1895\" class=\"elementor elementor-1895\" data-elementor-post-type=\"page\">\n\t\t\t\t<div class=\"elementor-element elementor-element-5fcf90d e-con-full e-flex e-con e-parent\" data-id=\"5fcf90d\" data-element_type=\"container\" data-e-type=\"container\">\n\t\t\t\t<div class=\"elementor-element elementor-element-a4fa1ef elementor-widget elementor-widget-heading\" data-id=\"a4fa1ef\" data-element_type=\"widget\" data-e-type=\"widget\" data-widget_type=\"heading.default\">\n\t\t\t\t<div class=\"elementor-widget-container\">\n\t\t\t\t\t<h2 class=\"elementor-heading-title elementor-size-default\">Cookie Policy<\/h2>\t\t\t\t<\/div>\n\t\t\t\t<\/div>\n\t\t\t\t<div class=\"elementor-element elementor-element-7d7aeb8 elementor-widget elementor-widget-text-editor\" data-id=\"7d7aeb8\" data-element_type=\"widget\" data-e-type=\"widget\" data-widget_type=\"text-editor.default\">\n\t\t\t\t<div class=\"elementor-widget-container\">\n\t\t\t\t\t\t\t\t\t<p><strong>What are Cookies?<\/strong> Cookies are small files that are stored on your device when you visit our website to improve the user experience and personalise content.<\/p><p><strong>Types of Cookies Used:<\/strong><\/p><ol><li><strong>Necessary cookies:<\/strong> They enable the basic functioning of the website.<\/li><li><strong>Analysis cookies:<\/strong> They collect information about how visitors use the site to improve its performance.<\/li><li><strong>Personalisation cookies:<\/strong> They remember your browsing preferences.<\/li><\/ol><p><strong>Cookie Management:<\/strong> You can manage or disable cookies in your browser settings. If you disable certain cookies, the functionality of the site may be affected.<\/p>\t\t\t\t\t\t\t\t<\/div>\n\t\t\t\t<\/div>\n\t\t\t\t<\/div>\n\t\t\t\t<\/div>","protected":false},"excerpt":{"rendered":"<p>Cookies Policy What are Cookies? Cookies are small files that are stored on your device when you visit our website to improve the user experience and personalise content. Types of Cookies Used: Necessary Cookies: They allow the basic operation of the website. Analytical Cookies: Collect information about how visitors use the site and how [...]<\/p>","protected":false},"author":1,"featured_media":0,"parent":0,"menu_order":0,"comment_status":"closed","ping_status":"closed","template":"","meta":{"footnotes":""},"class_list":["post-1895","page","type-page","status-publish","hentry"],"yoast_head":"<!-- This site is optimized with the Yoast SEO Premium plugin v24.8 (Yoast SEO v27.4) - https:\/\/yoast.com\/product\/yoast-seo-premium-wordpress\/ -->\n<title>Pol\u00edtica de Cookies - SOL Marketing Agency | Agencia de Marketing en Marbella<\/title>\n<meta name=\"robots\" content=\"index, follow, max-snippet:-1, max-image-preview:large, max-video-preview:-1\" \/>\n<link rel=\"canonical\" href=\"https:\/\/solmarketingagency.com\/en\/politica-cookies\/\" \/>\n<meta property=\"og:locale\" content=\"en_GB\" \/>\n<meta property=\"og:type\" content=\"article\" \/>\n<meta property=\"og:title\" content=\"Pol\u00edtica de Cookies\" \/>\n<meta property=\"og:description\" content=\"Pol\u00edtica de Cookies \u00bfQu\u00e9 son las Cookies? Las cookies son peque\u00f1os archivos que se almacenan en tu dispositivo cuando visitas nuestro sitio web para mejorar la experiencia de usuario y personalizar el contenido. Tipos de Cookies Utilizadas: Cookies necesarias: Permiten el funcionamiento b\u00e1sico del sitio web. Cookies de an\u00e1lisis: Recopilan informaci\u00f3n sobre c\u00f3mo los visitantes [&hellip;]\" \/>\n<meta property=\"og:url\" content=\"https:\/\/solmarketingagency.com\/en\/politica-cookies\/\" \/>\n<meta property=\"og:site_name\" content=\"SOL Marketing Agency | Agencia de Marketing en Marbella\" \/>\n<meta property=\"article:publisher\" content=\"https:\/\/www.facebook.com\/profile.php?id=61581453428685\" \/>\n<meta property=\"article:modified_time\" content=\"2025-09-28T20:12:15+00:00\" \/>\n<meta property=\"og:image\" content=\"https:\/\/solmarketingagency.com\/wp-content\/uploads\/2025\/05\/SOL-LOGO-1000-px-solo-texto-principa.png\" \/>\n\t<meta property=\"og:image:width\" content=\"1000\" \/>\n\t<meta property=\"og:image:height\" content=\"1000\" \/>\n\t<meta property=\"og:image:type\" content=\"image\/png\" \/>\n<meta name=\"twitter:card\" content=\"summary_large_image\" \/>\n<meta name=\"twitter:label1\" content=\"Estimated reading time\" \/>\n\t<meta name=\"twitter:data1\" content=\"1 minute\" \/>\n<script type=\"application\/ld+json\" class=\"yoast-schema-graph\">{\"@context\":\"https:\\\/\\\/schema.org\",\"@graph\":[{\"@type\":\"WebPage\",\"@id\":\"https:\\\/\\\/solmarketingagency.com\\\/politica-cookies\\\/\",\"url\":\"https:\\\/\\\/solmarketingagency.com\\\/politica-cookies\\\/\",\"name\":\"Pol\u00edtica de Cookies - SOL Marketing Agency | Agencia de Marketing en Marbella\",\"isPartOf\":{\"@id\":\"https:\\\/\\\/solmarketingagency.com\\\/#website\"},\"datePublished\":\"2024-10-15T15:01:45+00:00\",\"dateModified\":\"2025-09-28T20:12:15+00:00\",\"breadcrumb\":{\"@id\":\"https:\\\/\\\/solmarketingagency.com\\\/politica-cookies\\\/#breadcrumb\"},\"inLanguage\":\"en-GB\",\"potentialAction\":[{\"@type\":\"ReadAction\",\"target\":[\"https:\\\/\\\/solmarketingagency.com\\\/politica-cookies\\\/\"]}]},{\"@type\":\"BreadcrumbList\",\"@id\":\"https:\\\/\\\/solmarketingagency.com\\\/politica-cookies\\\/#breadcrumb\",\"itemListElement\":[{\"@type\":\"ListItem\",\"position\":1,\"name\":\"Portada\",\"item\":\"https:\\\/\\\/solmarketingagency.com\\\/\"},{\"@type\":\"ListItem\",\"position\":2,\"name\":\"Pol\u00edtica de Cookies\"}]},{\"@type\":\"WebSite\",\"@id\":\"https:\\\/\\\/solmarketingagency.com\\\/#website\",\"url\":\"https:\\\/\\\/solmarketingagency.com\\\/\",\"name\":\"SOL Marketing Agency | Agencia de Marketing en Marbella\",\"description\":\"SOL Marketing Agency es una agencia de marketing en Marbella. Dise\u00f1o Web, SEO Local, Redes Sociales, Branding y Publicidad. Resultados reales, sin humo.\",\"publisher\":{\"@id\":\"https:\\\/\\\/solmarketingagency.com\\\/#organization\"},\"potentialAction\":[{\"@type\":\"SearchAction\",\"target\":{\"@type\":\"EntryPoint\",\"urlTemplate\":\"https:\\\/\\\/solmarketingagency.com\\\/?s={search_term_string}\"},\"query-input\":{\"@type\":\"PropertyValueSpecification\",\"valueRequired\":true,\"valueName\":\"search_term_string\"}}],\"inLanguage\":\"en-GB\"},{\"@type\":\"Organization\",\"@id\":\"https:\\\/\\\/solmarketingagency.com\\\/#organization\",\"name\":\"SOL Marketing Agency | Agencia de Marketing en Marbella\",\"alternateName\":\"SOL Marketing Agency\",\"url\":\"https:\\\/\\\/solmarketingagency.com\\\/\",\"logo\":{\"@type\":\"ImageObject\",\"inLanguage\":\"en-GB\",\"@id\":\"https:\\\/\\\/solmarketingagency.com\\\/#\\\/schema\\\/logo\\\/image\\\/\",\"url\":\"https:\\\/\\\/solmarketingagency.com\\\/wp-content\\\/uploads\\\/2025\\\/05\\\/cropped-SOL-LOGO-1000-px-solo-texto-principa.png\",\"contentUrl\":\"https:\\\/\\\/solmarketingagency.com\\\/wp-content\\\/uploads\\\/2025\\\/05\\\/cropped-SOL-LOGO-1000-px-solo-texto-principa.png\",\"width\":512,\"height\":512,\"caption\":\"SOL Marketing Agency | Agencia de Marketing en Marbella\"},\"image\":{\"@id\":\"https:\\\/\\\/solmarketingagency.com\\\/#\\\/schema\\\/logo\\\/image\\\/\"},\"sameAs\":[\"https:\\\/\\\/www.facebook.com\\\/profile.php?id=61581453428685\",\"https:\\\/\\\/www.instagram.com\\\/marketingagency.sol\\\/\"],\"description\":\"SOL Marketing Agency es una agencia de marketing en Marbella. Dise\u00f1o web, SEO Local, Redes Sociales, Branding y Publicidad. Resultados reales, sin humo.\",\"email\":\"info@solmarketingagency.com\",\"telephone\":\"679846169\",\"legalName\":\"SOL Marketing Agency\",\"foundingDate\":\"2023-06-13\",\"numberOfEmployees\":{\"@type\":\"QuantitativeValue\",\"minValue\":\"1\",\"maxValue\":\"10\"}}]}<\/script>\n<!-- \/ Yoast SEO Premium plugin. -->","yoast_head_json":{"title":"Pol\u00edtica de Cookies - SOL Marketing Agency | Agencia de Marketing en Marbella","robots":{"index":"index","follow":"follow","max-snippet":"max-snippet:-1","max-image-preview":"max-image-preview:large","max-video-preview":"max-video-preview:-1"},"canonical":"https:\/\/solmarketingagency.com\/en\/politica-cookies\/","og_locale":"en_GB","og_type":"article","og_title":"Pol\u00edtica de Cookies","og_description":"Pol\u00edtica de Cookies \u00bfQu\u00e9 son las Cookies? Las cookies son peque\u00f1os archivos que se almacenan en tu dispositivo cuando visitas nuestro sitio web para mejorar la experiencia de usuario y personalizar el contenido. Tipos de Cookies Utilizadas: Cookies necesarias: Permiten el funcionamiento b\u00e1sico del sitio web. Cookies de an\u00e1lisis: Recopilan informaci\u00f3n sobre c\u00f3mo los visitantes [&hellip;]","og_url":"https:\/\/solmarketingagency.com\/en\/politica-cookies\/","og_site_name":"SOL Marketing Agency | Agencia de Marketing en Marbella","article_publisher":"https:\/\/www.facebook.com\/profile.php?id=61581453428685","article_modified_time":"2025-09-28T20:12:15+00:00","og_image":[{"width":1000,"height":1000,"url":"https:\/\/solmarketingagency.com\/wp-content\/uploads\/2025\/05\/SOL-LOGO-1000-px-solo-texto-principa.png","type":"image\/png"}],"twitter_card":"summary_large_image","twitter_misc":{"Estimated reading time":"1 minute"},"schema":{"@context":"https:\/\/schema.org","@graph":[{"@type":"WebPage","@id":"https:\/\/solmarketingagency.com\/politica-cookies\/","url":"https:\/\/solmarketingagency.com\/politica-cookies\/","name":"Pol\u00edtica de Cookies - SOL Marketing Agency | Agencia de Marketing en Marbella","isPartOf":{"@id":"https:\/\/solmarketingagency.com\/#website"},"datePublished":"2024-10-15T15:01:45+00:00","dateModified":"2025-09-28T20:12:15+00:00","breadcrumb":{"@id":"https:\/\/solmarketingagency.com\/politica-cookies\/#breadcrumb"},"inLanguage":"en-GB","potentialAction":[{"@type":"ReadAction","target":["https:\/\/solmarketingagency.com\/politica-cookies\/"]}]},{"@type":"BreadcrumbList","@id":"https:\/\/solmarketingagency.com\/politica-cookies\/#breadcrumb","itemListElement":[{"@type":"ListItem","position":1,"name":"Portada","item":"https:\/\/solmarketingagency.com\/"},{"@type":"ListItem","position":2,"name":"Pol\u00edtica de Cookies"}]},{"@type":"WebSite","@id":"https:\/\/solmarketingagency.com\/#website","url":"https:\/\/solmarketingagency.com\/","name":"SOL Marketing Agency | Marketing Agency in Marbella","description":"SOL Marketing Agency is a marketing agency in Marbella. Web Design, Local SEO, Social Media, Branding and Advertising. Real results, no smoke and mirrors.","publisher":{"@id":"https:\/\/solmarketingagency.com\/#organization"},"potentialAction":[{"@type":"SearchAction","target":{"@type":"EntryPoint","urlTemplate":"https:\/\/solmarketingagency.com\/?s={search_term_string}"},"query-input":{"@type":"PropertyValueSpecification","valueRequired":true,"valueName":"search_term_string"}}],"inLanguage":"en-GB"},{"@type":"Organization","@id":"https:\/\/solmarketingagency.com\/#organization","name":"SOL Marketing Agency | Marketing Agency in Marbella","alternateName":"SOL Marketing Agency","url":"https:\/\/solmarketingagency.com\/","logo":{"@type":"ImageObject","inLanguage":"en-GB","@id":"https:\/\/solmarketingagency.com\/#\/schema\/logo\/image\/","url":"https:\/\/solmarketingagency.com\/wp-content\/uploads\/2025\/05\/cropped-SOL-LOGO-1000-px-solo-texto-principa.png","contentUrl":"https:\/\/solmarketingagency.com\/wp-content\/uploads\/2025\/05\/cropped-SOL-LOGO-1000-px-solo-texto-principa.png","width":512,"height":512,"caption":"SOL Marketing Agency | Agencia de Marketing en Marbella"},"image":{"@id":"https:\/\/solmarketingagency.com\/#\/schema\/logo\/image\/"},"sameAs":["https:\/\/www.facebook.com\/profile.php?id=61581453428685","https:\/\/www.instagram.com\/marketingagency.sol\/"],"description":"SOL Marketing Agency es una agencia de marketing en Marbella. Dise\u00f1o web, SEO Local, Redes Sociales, Branding y Publicidad. Resultados reales, sin humo.","email":"info@solmarketingagency.com","telephone":"679846169","legalName":"SOL Marketing Agency","foundingDate":"2023-06-13","numberOfEmployees":{"@type":"QuantitativeValue","minValue":"1","maxValue":"10"}}]}},"_links":{"self":[{"href":"https:\/\/solmarketingagency.com\/en\/wp-json\/wp\/v2\/pages\/1895","targetHints":{"allow":["GET"]}}],"collection":[{"href":"https:\/\/solmarketingagency.com\/en\/wp-json\/wp\/v2\/pages"}],"about":[{"href":"https:\/\/solmarketingagency.com\/en\/wp-json\/wp\/v2\/types\/page"}],"author":[{"embeddable":true,"href":"https:\/\/solmarketingagency.com\/en\/wp-json\/wp\/v2\/users\/1"}],"replies":[{"embeddable":true,"href":"https:\/\/solmarketingagency.com\/en\/wp-json\/wp\/v2\/comments?post=1895"}],"version-history":[{"count":7,"href":"https:\/\/solmarketingagency.com\/en\/wp-json\/wp\/v2\/pages\/1895\/revisions"}],"predecessor-version":[{"id":7395,"href":"https:\/\/solmarketingagency.com\/en\/wp-json\/wp\/v2\/pages\/1895\/revisions\/7395"}],"wp:attachment":[{"href":"https:\/\/solmarketingagency.com\/en\/wp-json\/wp\/v2\/media?parent=1895"}],"curies":[{"name":"wp","href":"https:\/\/api.w.org\/{rel}","templated":true}]}}