{"id":1911,"date":"2024-10-15T15:06:20","date_gmt":"2024-10-15T15:06:20","guid":{"rendered":"https:\/\/solmarketingagency.com\/?page_id=1911"},"modified":"2025-09-28T20:12:28","modified_gmt":"2025-09-28T20:12:28","slug":"politica-devoluciones-y-reembolsos","status":"publish","type":"page","link":"https:\/\/solmarketingagency.com\/en\/politica-devoluciones-y-reembolsos\/","title":{"rendered":"Return and Refund Policy"},"content":{"rendered":"<style>.elementor-1911 .elementor-element.elementor-element-5fcf90d{--display:flex;--flex-direction:column;--container-widget-width:100%;--container-widget-height:initial;--container-widget-flex-grow:0;--container-widget-align-self:initial;--flex-wrap-mobile:wrap;--margin-top:0px;--margin-bottom:0px;--margin-left:0px;--margin-right:0px;--padding-top:100px;--padding-bottom:0px;--padding-left:0px;--padding-right:0px;}.elementor-1911 .elementor-element.elementor-element-a4fa1ef{text-align:center;}.elementor-1911 .elementor-element.elementor-element-a4fa1ef .elementor-heading-title{font-size:60px;}.elementor-1911 .elementor-element.elementor-element-7d7aeb8{text-align:center;}.elementor-1911 .elementor-element.elementor-element-7d7aeb8 > .elementor-widget-container{padding:0px 80px 0px 80px;}<\/style>\t\t<div data-elementor-type=\"wp-page\" data-elementor-id=\"1911\" class=\"elementor elementor-1911\" data-elementor-post-type=\"page\">\n\t\t\t\t<div class=\"elementor-element elementor-element-5fcf90d e-con-full e-flex e-con e-parent\" data-id=\"5fcf90d\" data-element_type=\"container\" data-e-type=\"container\">\n\t\t\t\t<div class=\"elementor-element elementor-element-a4fa1ef elementor-widget elementor-widget-heading\" data-id=\"a4fa1ef\" data-element_type=\"widget\" data-e-type=\"widget\" data-widget_type=\"heading.default\">\n\t\t\t\t<div class=\"elementor-widget-container\">\n\t\t\t\t\t<h2 class=\"elementor-heading-title elementor-size-default\">Return and Refund Policy<\/h2>\t\t\t\t<\/div>\n\t\t\t\t<\/div>\n\t\t\t\t<div class=\"elementor-element elementor-element-7d7aeb8 elementor-widget elementor-widget-text-editor\" data-id=\"7d7aeb8\" data-element_type=\"widget\" data-e-type=\"widget\" data-widget_type=\"text-editor.default\">\n\t\t\t\t<div class=\"elementor-widget-container\">\n\t\t\t\t\t\t\t\t\t<p><strong>Returns:<\/strong> As we offer customised digital services, returns are not possible after the service has been completed. However, if the customer is not satisfied with the delivery, reasonable adjustments can be assessed within 14 days after delivery of the service.<\/p><p><strong>Reimbursements:<\/strong> If the service has not yet been completed or has not yet started, a partial or full refund may be considered, depending on the status of the project. To request a refund, the client must send a request to <a rel=\"noopener\">info@solmarketingagency.com<\/a>\u00a0explaining the reasons and providing details of the contracted service.<\/p>\t\t\t\t\t\t\t\t<\/div>\n\t\t\t\t<\/div>\n\t\t\t\t<\/div>\n\t\t\t\t<\/div>","protected":false},"excerpt":{"rendered":"<p>Returns and Refunds Policy Returns: As we offer customised digital services, returns are not possible once the service has been completed. However, if the customer is not satisfied with the delivery, reasonable adjustments may be considered within 14 days after delivery of the service. Refunds: If the service is not yet [...]<\/p>","protected":false},"author":1,"featured_media":0,"parent":0,"menu_order":0,"comment_status":"closed","ping_status":"closed","template":"","meta":{"footnotes":""},"class_list":["post-1911","page","type-page","status-publish","hentry"],"yoast_head":"<!-- This site is optimized with the Yoast SEO Premium plugin v24.8 (Yoast SEO v27.4) - https:\/\/yoast.com\/product\/yoast-seo-premium-wordpress\/ -->\n<title>Pol\u00edtica de Devoluciones y Reembolsos - SOL Marketing Agency | Agencia de Marketing en Marbella<\/title>\n<meta name=\"robots\" content=\"index, follow, max-snippet:-1, max-image-preview:large, max-video-preview:-1\" \/>\n<link rel=\"canonical\" href=\"https:\/\/solmarketingagency.com\/en\/politica-devoluciones-y-reembolsos\/\" \/>\n<meta property=\"og:locale\" content=\"en_GB\" \/>\n<meta property=\"og:type\" content=\"article\" \/>\n<meta property=\"og:title\" content=\"Pol\u00edtica de Devoluciones y Reembolsos\" \/>\n<meta property=\"og:description\" content=\"Pol\u00edtica de Devoluciones y Reembolsos Devoluciones: Dado que ofrecemos servicios digitales personalizados, las devoluciones no son posibles una vez completado el servicio. No obstante, si el cliente no est\u00e1 satisfecho con la entrega, se podr\u00e1n evaluar ajustes razonables dentro de los 14 d\u00edas posteriores a la entrega del servicio. Reembolsos: Si el servicio a\u00fan no [&hellip;]\" \/>\n<meta property=\"og:url\" content=\"https:\/\/solmarketingagency.com\/en\/politica-devoluciones-y-reembolsos\/\" \/>\n<meta property=\"og:site_name\" content=\"SOL Marketing Agency | Agencia de Marketing en Marbella\" \/>\n<meta property=\"article:publisher\" content=\"https:\/\/www.facebook.com\/profile.php?id=61581453428685\" \/>\n<meta property=\"article:modified_time\" content=\"2025-09-28T20:12:28+00:00\" \/>\n<meta property=\"og:image\" content=\"https:\/\/solmarketingagency.com\/wp-content\/uploads\/2025\/05\/SOL-LOGO-1000-px-solo-texto-principa.png\" \/>\n\t<meta property=\"og:image:width\" content=\"1000\" \/>\n\t<meta property=\"og:image:height\" content=\"1000\" \/>\n\t<meta property=\"og:image:type\" content=\"image\/png\" \/>\n<meta name=\"twitter:card\" content=\"summary_large_image\" \/>\n<meta name=\"twitter:label1\" content=\"Estimated reading time\" \/>\n\t<meta name=\"twitter:data1\" content=\"1 minute\" \/>\n<script type=\"application\/ld+json\" class=\"yoast-schema-graph\">{\"@context\":\"https:\\\/\\\/schema.org\",\"@graph\":[{\"@type\":\"WebPage\",\"@id\":\"https:\\\/\\\/solmarketingagency.com\\\/politica-devoluciones-y-reembolsos\\\/\",\"url\":\"https:\\\/\\\/solmarketingagency.com\\\/politica-devoluciones-y-reembolsos\\\/\",\"name\":\"Pol\u00edtica de Devoluciones y Reembolsos - SOL Marketing Agency | Agencia de Marketing en Marbella\",\"isPartOf\":{\"@id\":\"https:\\\/\\\/solmarketingagency.com\\\/#website\"},\"datePublished\":\"2024-10-15T15:06:20+00:00\",\"dateModified\":\"2025-09-28T20:12:28+00:00\",\"breadcrumb\":{\"@id\":\"https:\\\/\\\/solmarketingagency.com\\\/politica-devoluciones-y-reembolsos\\\/#breadcrumb\"},\"inLanguage\":\"en-GB\",\"potentialAction\":[{\"@type\":\"ReadAction\",\"target\":[\"https:\\\/\\\/solmarketingagency.com\\\/politica-devoluciones-y-reembolsos\\\/\"]}]},{\"@type\":\"BreadcrumbList\",\"@id\":\"https:\\\/\\\/solmarketingagency.com\\\/politica-devoluciones-y-reembolsos\\\/#breadcrumb\",\"itemListElement\":[{\"@type\":\"ListItem\",\"position\":1,\"name\":\"Portada\",\"item\":\"https:\\\/\\\/solmarketingagency.com\\\/\"},{\"@type\":\"ListItem\",\"position\":2,\"name\":\"Pol\u00edtica de Devoluciones y Reembolsos\"}]},{\"@type\":\"WebSite\",\"@id\":\"https:\\\/\\\/solmarketingagency.com\\\/#website\",\"url\":\"https:\\\/\\\/solmarketingagency.com\\\/\",\"name\":\"SOL Marketing Agency | Agencia de Marketing en Marbella\",\"description\":\"SOL Marketing Agency es una agencia de marketing en Marbella. Dise\u00f1o Web, SEO Local, Redes Sociales, Branding y Publicidad. Resultados reales, sin humo.\",\"publisher\":{\"@id\":\"https:\\\/\\\/solmarketingagency.com\\\/#organization\"},\"potentialAction\":[{\"@type\":\"SearchAction\",\"target\":{\"@type\":\"EntryPoint\",\"urlTemplate\":\"https:\\\/\\\/solmarketingagency.com\\\/?s={search_term_string}\"},\"query-input\":{\"@type\":\"PropertyValueSpecification\",\"valueRequired\":true,\"valueName\":\"search_term_string\"}}],\"inLanguage\":\"en-GB\"},{\"@type\":\"Organization\",\"@id\":\"https:\\\/\\\/solmarketingagency.com\\\/#organization\",\"name\":\"SOL Marketing Agency | Agencia de Marketing en Marbella\",\"alternateName\":\"SOL Marketing Agency\",\"url\":\"https:\\\/\\\/solmarketingagency.com\\\/\",\"logo\":{\"@type\":\"ImageObject\",\"inLanguage\":\"en-GB\",\"@id\":\"https:\\\/\\\/solmarketingagency.com\\\/#\\\/schema\\\/logo\\\/image\\\/\",\"url\":\"https:\\\/\\\/solmarketingagency.com\\\/wp-content\\\/uploads\\\/2025\\\/05\\\/cropped-SOL-LOGO-1000-px-solo-texto-principa.png\",\"contentUrl\":\"https:\\\/\\\/solmarketingagency.com\\\/wp-content\\\/uploads\\\/2025\\\/05\\\/cropped-SOL-LOGO-1000-px-solo-texto-principa.png\",\"width\":512,\"height\":512,\"caption\":\"SOL Marketing Agency | Agencia de Marketing en Marbella\"},\"image\":{\"@id\":\"https:\\\/\\\/solmarketingagency.com\\\/#\\\/schema\\\/logo\\\/image\\\/\"},\"sameAs\":[\"https:\\\/\\\/www.facebook.com\\\/profile.php?id=61581453428685\",\"https:\\\/\\\/www.instagram.com\\\/marketingagency.sol\\\/\"],\"description\":\"SOL Marketing Agency es una agencia de marketing en Marbella. Dise\u00f1o web, SEO Local, Redes Sociales, Branding y Publicidad. Resultados reales, sin humo.\",\"email\":\"info@solmarketingagency.com\",\"telephone\":\"679846169\",\"legalName\":\"SOL Marketing Agency\",\"foundingDate\":\"2023-06-13\",\"numberOfEmployees\":{\"@type\":\"QuantitativeValue\",\"minValue\":\"1\",\"maxValue\":\"10\"}}]}<\/script>\n<!-- \/ Yoast SEO Premium plugin. -->","yoast_head_json":{"title":"Pol\u00edtica de Devoluciones y Reembolsos - SOL Marketing Agency | Agencia de Marketing en Marbella","robots":{"index":"index","follow":"follow","max-snippet":"max-snippet:-1","max-image-preview":"max-image-preview:large","max-video-preview":"max-video-preview:-1"},"canonical":"https:\/\/solmarketingagency.com\/en\/politica-devoluciones-y-reembolsos\/","og_locale":"en_GB","og_type":"article","og_title":"Pol\u00edtica de Devoluciones y Reembolsos","og_description":"Pol\u00edtica de Devoluciones y Reembolsos Devoluciones: Dado que ofrecemos servicios digitales personalizados, las devoluciones no son posibles una vez completado el servicio. No obstante, si el cliente no est\u00e1 satisfecho con la entrega, se podr\u00e1n evaluar ajustes razonables dentro de los 14 d\u00edas posteriores a la entrega del servicio. Reembolsos: Si el servicio a\u00fan no [&hellip;]","og_url":"https:\/\/solmarketingagency.com\/en\/politica-devoluciones-y-reembolsos\/","og_site_name":"SOL Marketing Agency | Agencia de Marketing en Marbella","article_publisher":"https:\/\/www.facebook.com\/profile.php?id=61581453428685","article_modified_time":"2025-09-28T20:12:28+00:00","og_image":[{"width":1000,"height":1000,"url":"https:\/\/solmarketingagency.com\/wp-content\/uploads\/2025\/05\/SOL-LOGO-1000-px-solo-texto-principa.png","type":"image\/png"}],"twitter_card":"summary_large_image","twitter_misc":{"Estimated reading time":"1 minute"},"schema":{"@context":"https:\/\/schema.org","@graph":[{"@type":"WebPage","@id":"https:\/\/solmarketingagency.com\/politica-devoluciones-y-reembolsos\/","url":"https:\/\/solmarketingagency.com\/politica-devoluciones-y-reembolsos\/","name":"Pol\u00edtica de Devoluciones y Reembolsos - SOL Marketing Agency | Agencia de Marketing en Marbella","isPartOf":{"@id":"https:\/\/solmarketingagency.com\/#website"},"datePublished":"2024-10-15T15:06:20+00:00","dateModified":"2025-09-28T20:12:28+00:00","breadcrumb":{"@id":"https:\/\/solmarketingagency.com\/politica-devoluciones-y-reembolsos\/#breadcrumb"},"inLanguage":"en-GB","potentialAction":[{"@type":"ReadAction","target":["https:\/\/solmarketingagency.com\/politica-devoluciones-y-reembolsos\/"]}]},{"@type":"BreadcrumbList","@id":"https:\/\/solmarketingagency.com\/politica-devoluciones-y-reembolsos\/#breadcrumb","itemListElement":[{"@type":"ListItem","position":1,"name":"Portada","item":"https:\/\/solmarketingagency.com\/"},{"@type":"ListItem","position":2,"name":"Pol\u00edtica de Devoluciones y Reembolsos"}]},{"@type":"WebSite","@id":"https:\/\/solmarketingagency.com\/#website","url":"https:\/\/solmarketingagency.com\/","name":"SOL Marketing Agency | Marketing Agency in Marbella","description":"SOL Marketing Agency is a marketing agency in Marbella. Web Design, Local SEO, Social Media, Branding and Advertising. Real results, no smoke and mirrors.","publisher":{"@id":"https:\/\/solmarketingagency.com\/#organization"},"potentialAction":[{"@type":"SearchAction","target":{"@type":"EntryPoint","urlTemplate":"https:\/\/solmarketingagency.com\/?s={search_term_string}"},"query-input":{"@type":"PropertyValueSpecification","valueRequired":true,"valueName":"search_term_string"}}],"inLanguage":"en-GB"},{"@type":"Organization","@id":"https:\/\/solmarketingagency.com\/#organization","name":"SOL Marketing Agency | Marketing Agency in Marbella","alternateName":"SOL Marketing Agency","url":"https:\/\/solmarketingagency.com\/","logo":{"@type":"ImageObject","inLanguage":"en-GB","@id":"https:\/\/solmarketingagency.com\/#\/schema\/logo\/image\/","url":"https:\/\/solmarketingagency.com\/wp-content\/uploads\/2025\/05\/cropped-SOL-LOGO-1000-px-solo-texto-principa.png","contentUrl":"https:\/\/solmarketingagency.com\/wp-content\/uploads\/2025\/05\/cropped-SOL-LOGO-1000-px-solo-texto-principa.png","width":512,"height":512,"caption":"SOL Marketing Agency | Agencia de Marketing en Marbella"},"image":{"@id":"https:\/\/solmarketingagency.com\/#\/schema\/logo\/image\/"},"sameAs":["https:\/\/www.facebook.com\/profile.php?id=61581453428685","https:\/\/www.instagram.com\/marketingagency.sol\/"],"description":"SOL Marketing Agency es una agencia de marketing en Marbella. Dise\u00f1o web, SEO Local, Redes Sociales, Branding y Publicidad. Resultados reales, sin humo.","email":"info@solmarketingagency.com","telephone":"679846169","legalName":"SOL Marketing Agency","foundingDate":"2023-06-13","numberOfEmployees":{"@type":"QuantitativeValue","minValue":"1","maxValue":"10"}}]}},"_links":{"self":[{"href":"https:\/\/solmarketingagency.com\/en\/wp-json\/wp\/v2\/pages\/1911","targetHints":{"allow":["GET"]}}],"collection":[{"href":"https:\/\/solmarketingagency.com\/en\/wp-json\/wp\/v2\/pages"}],"about":[{"href":"https:\/\/solmarketingagency.com\/en\/wp-json\/wp\/v2\/types\/page"}],"author":[{"embeddable":true,"href":"https:\/\/solmarketingagency.com\/en\/wp-json\/wp\/v2\/users\/1"}],"replies":[{"embeddable":true,"href":"https:\/\/solmarketingagency.com\/en\/wp-json\/wp\/v2\/comments?post=1911"}],"version-history":[{"count":10,"href":"https:\/\/solmarketingagency.com\/en\/wp-json\/wp\/v2\/pages\/1911\/revisions"}],"predecessor-version":[{"id":7389,"href":"https:\/\/solmarketingagency.com\/en\/wp-json\/wp\/v2\/pages\/1911\/revisions\/7389"}],"wp:attachment":[{"href":"https:\/\/solmarketingagency.com\/en\/wp-json\/wp\/v2\/media?parent=1911"}],"curies":[{"name":"wp","href":"https:\/\/api.w.org\/{rel}","templated":true}]}}